{"id":1973,"date":"2022-06-23T12:26:45","date_gmt":"2022-06-23T10:26:45","guid":{"rendered":"https:\/\/steelseal.de\/?page_id=1973"},"modified":"2026-04-23T15:49:23","modified_gmt":"2026-04-23T13:49:23","slug":"condiciones-de-la-garantia","status":"publish","type":"page","link":"https:\/\/steelseal.de\/es\/service\/garantiebedingungen\/","title":{"rendered":"Garant\u00eda de satisfacci\u00f3n"},"content":{"rendered":"<div data-elementor-type=\"wp-page\" data-elementor-id=\"1973\" class=\"elementor elementor-1973\" data-elementor-post-type=\"page\">\n\t\t\t\t<div class=\"elementor-element elementor-element-79f3aa7 e-flex e-con-boxed e-con e-parent\" data-id=\"79f3aa7\" data-element_type=\"container\" data-e-type=\"container\">\n\t\t\t\t\t<div class=\"e-con-inner\">\n\t\t\t\t<div class=\"elementor-element elementor-element-bf0ba02 elementor-widget elementor-widget-heading\" data-id=\"bf0ba02\" data-element_type=\"widget\" data-e-type=\"widget\" data-widget_type=\"heading.default\">\n\t\t\t\t<div class=\"elementor-widget-container\">\n\t\t\t\t\t<h2 class=\"elementor-heading-title elementor-size-default\">Unsere Garantie - klar, fair &amp; transparent<\/h2>\t\t\t\t<\/div>\n\t\t\t\t<\/div>\n\t\t\t\t\t<\/div>\n\t\t\t\t<\/div>\n\t\t\t\t<section class=\"elementor-section elementor-top-section elementor-element elementor-element-235ad45 elementor-section-boxed elementor-section-height-default elementor-section-height-default\" data-id=\"235ad45\" data-element_type=\"section\" data-e-type=\"section\">\n\t\t\t\t\t\t<div class=\"elementor-container elementor-column-gap-default\">\n\t\t\t\t\t<div class=\"elementor-column elementor-col-100 elementor-top-column elementor-element elementor-element-9d2b137\" data-id=\"9d2b137\" data-element_type=\"column\" data-e-type=\"column\">\n\t\t\t<div class=\"elementor-widget-wrap elementor-element-populated\">\n\t\t\t\t\t\t<section class=\"elementor-section elementor-inner-section elementor-element elementor-element-a0781a4 elementor-section-boxed elementor-section-height-default elementor-section-height-default\" data-id=\"a0781a4\" data-element_type=\"section\" data-e-type=\"section\">\n\t\t\t\t\t\t<div class=\"elementor-container elementor-column-gap-default\">\n\t\t\t\t\t<div class=\"elementor-column elementor-col-100 elementor-inner-column elementor-element elementor-element-9071888\" data-id=\"9071888\" data-element_type=\"column\" data-e-type=\"column\" data-settings=\"{&quot;background_background&quot;:&quot;classic&quot;}\">\n\t\t\t<div class=\"elementor-widget-wrap elementor-element-populated\">\n\t\t\t\t\t\t<div class=\"elementor-element elementor-element-c64b84c elementor-widget elementor-widget-text-editor\" data-id=\"c64b84c\" data-element_type=\"widget\" data-e-type=\"widget\" data-widget_type=\"text-editor.default\">\n\t\t\t\t<div class=\"elementor-widget-container\">\n\t\t\t\t\t\t\t\t\t<p class=\"p1\">Auch wenn <span class=\"s1\">kein Produkt dieser Art eine 100 % Erfolgsquote<\/span> garantieren kann, z\u00e4hlt <span class=\"s1\"><b>Steel Seal\u00ae<\/b><\/span> seit Jahren am Markt zur <span class=\"s1\"><b>zuverl\u00e4ssigsten L\u00f6sung<\/b><\/span> bei defekter Zylinderkopfdichtung.<\/p><p class=\"p1\">Startet der Motor noch und wird das Problem <span class=\"s1\"><b>rechtzeitig<\/b><\/span> angegangen, liegen die Erfolgschancen in der Tat bei <strong>\u00fcber <span class=\"s1\">99%<\/span><\/strong>. Sollte Steel Seal\u00ae trotz <span class=\"s1\"><b>korrekter Anwendung<\/b><\/span> nicht helfen, erh\u00e4ltst du im Rahmen unserer <span class=\"s1\"><b>Geld-zur\u00fcck-Garantie<\/b><\/span>* wahlweise den Kaufpreis zur\u00fcck oder ein <span class=\"s1\"><b>Producto de sustituci\u00f3n gratuito<\/b><\/span>.<\/p>\t\t\t\t\t\t\t\t<\/div>\n\t\t\t\t<\/div>\n\t\t\t\t\t<\/div>\n\t\t<\/div>\n\t\t\t\t\t<\/div>\n\t\t<\/section>\n\t\t\t\t<div class=\"elementor-element elementor-element-0aff24d elementor-widget elementor-widget-heading\" data-id=\"0aff24d\" data-element_type=\"widget\" data-e-type=\"widget\" data-widget_type=\"heading.default\">\n\t\t\t\t<div class=\"elementor-widget-container\">\n\t\t\t\t\t<h3 class=\"elementor-heading-title elementor-size-default\">Condiciones de garant\u00eda<\/h3>\t\t\t\t<\/div>\n\t\t\t\t<\/div>\n\t\t\t\t<div class=\"elementor-element elementor-element-f096f9a elementor-widget elementor-widget-text-editor\" data-id=\"f096f9a\" data-element_type=\"widget\" data-e-type=\"widget\" data-widget_type=\"text-editor.default\">\n\t\t\t\t<div class=\"elementor-widget-container\">\n\t\t\t\t\t\t\t\t\t<ul><li><p><b style=\"font-style: inherit;\">Ein Anspruch pro registriertem Fahrzeug<\/b><span class=\"s1\" style=\"font-size: 16px;\"> \u2013 wahlweise <\/span><b style=\"font-style: inherit;\">Producto de sustituci\u00f3n gratuito<\/b><span class=\"s1\" style=\"font-size: 16px;\"> o <\/span><b style=\"font-style: inherit;\">Kaufpreiserstattung <\/b><span class=\"s1\" style=\"font-size: 16px;\">(maximal bis zur UVP auf unserer Website).<\/span><\/p><\/li><\/ul>\t\t\t\t\t\t\t\t<\/div>\n\t\t\t\t<\/div>\n\t\t\t\t<div class=\"elementor-element elementor-element-d355a68 elementor-widget elementor-widget-text-editor\" data-id=\"d355a68\" data-element_type=\"widget\" data-e-type=\"widget\" data-widget_type=\"text-editor.default\">\n\t\t\t\t<div class=\"elementor-widget-container\">\n\t\t\t\t\t\t\t\t\t<ul><li class=\"p1\"><span class=\"s1\">Es muss die <\/span><b>vom Hersteller empfohlene Menge<\/b><span class=\"s1\"> laut Etikett verwendet worden sein (<\/span><b>maximal 3 Flaschen Steel Seal\u00ae<\/b><span class=\"s1\">).<\/span><\/li><\/ul>\t\t\t\t\t\t\t\t<\/div>\n\t\t\t\t<\/div>\n\t\t\t\t<div class=\"elementor-element elementor-element-b765a5a elementor-widget elementor-widget-text-editor\" data-id=\"b765a5a\" data-element_type=\"widget\" data-e-type=\"widget\" data-widget_type=\"text-editor.default\">\n\t\t\t\t<div class=\"elementor-widget-container\">\n\t\t\t\t\t\t\t\t\t<ul><li class=\"p1\"><span class=\"s1\">En <\/span><b>Solicitud de garant\u00eda<\/b><span class=\"s1\"> muss <\/span><b>totalmente cumplimentado y firmado<\/b><span class=\"s1\"> sein und <\/span><b>en un plazo de 30 d\u00edas a partir de la fecha de compra<\/b><span class=\"s1\"> zusammen mit den <\/span><b>drei erforderlichen Nachweisen<\/b><span class=\"s1\"> (siehe Garantieantrag) eingereicht werden \u2013 vorzugsweise per E-Mail an <\/span><b>garantie@steelseal.de<\/b><span class=\"s1\"> oder alternativ per Post an: <\/span><strong><span style=\"font-size: 16px;\">Steel <\/span><span style=\"font-size: 16px;\">Seal Germany GmbH, Stock\u00e4ckerstr. 10, 90587 Veitsbronn<\/span><\/strong><span style=\"font-size: 16px;\"> transmitirse.<\/span><\/li><\/ul>\t\t\t\t\t\t\t\t<\/div>\n\t\t\t\t<\/div>\n\t\t\t\t<div class=\"elementor-element elementor-element-a19edf2 elementor-widget elementor-widget-spacer\" data-id=\"a19edf2\" data-element_type=\"widget\" data-e-type=\"widget\" data-widget_type=\"spacer.default\">\n\t\t\t\t<div class=\"elementor-widget-container\">\n\t\t\t\t\t\t\t<div class=\"elementor-spacer\">\n\t\t\t<div class=\"elementor-spacer-inner\"><\/div>\n\t\t<\/div>\n\t\t\t\t\t\t<\/div>\n\t\t\t\t<\/div>\n\t\t\t\t<div class=\"elementor-element elementor-element-a6b44c6 elementor-widget elementor-widget-heading\" data-id=\"a6b44c6\" data-element_type=\"widget\" data-e-type=\"widget\" data-widget_type=\"heading.default\">\n\t\t\t\t<div class=\"elementor-widget-container\">\n\t\t\t\t\t<h3 class=\"elementor-heading-title elementor-size-default\">Solicitud de garant\u00eda<\/h3>\t\t\t\t<\/div>\n\t\t\t\t<\/div>\n\t\t\t\t<div class=\"elementor-element elementor-element-c9a043a elementor-widget elementor-widget-text-editor\" data-id=\"c9a043a\" data-element_type=\"widget\" data-e-type=\"widget\" data-widget_type=\"text-editor.default\">\n\t\t\t\t<div class=\"elementor-widget-container\">\n\t\t\t\t\t\t\t\t\t<p class=\"p1\">Bitte f\u00fclle den <span class=\"s1\"><b>Solicitud de garant\u00eda<\/b><\/span> vollst\u00e4ndig aus und sende ihn zusammen mit folgenden Unterlagen:<\/p>\t\t\t\t\t\t\t\t<\/div>\n\t\t\t\t<\/div>\n\t\t\t\t<div class=\"elementor-element elementor-element-cfd185b elementor-widget elementor-widget-text-editor\" data-id=\"cfd185b\" data-element_type=\"widget\" data-e-type=\"widget\" data-widget_type=\"text-editor.default\">\n\t\t\t\t<div class=\"elementor-widget-container\">\n\t\t\t\t\t\t\t\t\t<ol><li class=\"p1\"><b>Prueba de compra<\/b><span class=\"s1\"> von Steel Seal\u00ae bei einem <\/span><b>autorisierten Fachh\u00e4ndler <\/b><b><\/b>(Liste der H\u00e4ndler: <a style=\"font-size: 16px;\" href=\"https:\/\/steelseal.de\/es\/#fachhaendler\">Tarjeta de distribuidor especializado<\/a><span style=\"font-size: 16px;\">).<\/span><\/li><li class=\"p1\"><span class=\"s1\" style=\"font-size: 16px;\"><b>Kopie des Fahrzeugscheins<\/b><\/span><span style=\"font-size: 16px;\"> (Zulassung Teil 1) des Fahrzeugs, bei dem Steel Seal\u00ae erfolglos eingesetzt wurde.<\/span><\/li><li class=\"p1\"><b style=\"font-style: inherit;\">Nachweis der defekten Zylinderkopfdichtung<\/b><span class=\"s1\" style=\"font-size: 16px;\"> \u2013 akzeptiert wird <\/span><b style=\"font-style: inherit;\">un<\/b><span class=\"s1\" style=\"font-size: 16px;\"> der folgenden Belege:<\/span><p class=\"p2\">\u00a0<\/p><ul><li><p class=\"p1\">Schriftliche <span class=\"s1\"><b>Diagnose oder Inspektionsbericht<\/b><\/span> einer mehrwertsteuerpflichtigen Kfz-Fachwerkstatt (z. B. Kompressions- oder CO\u2082-K\u00fchlmitteltest, max. 30 Tage alt)<\/p><\/li><li><p class=\"p1\"><span class=\"s1\"><b>Factura<\/b><\/span> mit ausgewiesener MwSt. \u00fcber den <span class=\"s1\"><b>Sustituci\u00f3n de la junta de culata<\/b><\/span> durch eine Kfz-Fachwerkstatt<\/p><\/li><li><p class=\"p1\"><span class=\"s1\"><b>Informe de prueba o aver\u00eda<\/b><\/span> eines Automobilclubs (z. B. ADAC, \u00d6AMTC), der den Defekt best\u00e4tigt (max. 30 Tage alt)<\/p><\/li><li><p class=\"p1\"><b>Prueba de eliminaci\u00f3n o utilizaci\u00f3n<\/b><span class=\"s1\"> des Fahrzeugs (max. 30 Tage alt)<\/span><\/p><\/li><li><p class=\"p1\"><span class=\"s1\"><b>Beh\u00f6rdliche Abmeldebest\u00e4tigung<\/b><\/span> (in CH: Annullierung) des Fahrzeugs (max. 30 Tage alt)<\/p><\/li><\/ul><p>\u00a0<\/p><\/li><\/ol><ol start=\"3\"><li style=\"list-style-type: none;\">\u00a0<\/li><\/ol>\t\t\t\t\t\t\t\t<\/div>\n\t\t\t\t<\/div>\n\t\t\t\t<div class=\"elementor-element elementor-element-914a3dd elementor-align-center elementor-widget__width-auto elementor-widget elementor-widget-button\" data-id=\"914a3dd\" data-element_type=\"widget\" data-e-type=\"widget\" data-widget_type=\"button.default\">\n\t\t\t\t<div class=\"elementor-widget-container\">\n\t\t\t\t\t\t\t\t\t<div class=\"elementor-button-wrapper\">\n\t\t\t\t\t<a class=\"elementor-button elementor-button-link elementor-size-sm\" href=\"\/wp-content\/uploads\/2022\/06\/Sello-Acero-Aplicaci\u00f3n-Garant\u00eda.pdf\">\n\t\t\t\t\t\t<span class=\"elementor-button-content-wrapper\">\n\t\t\t\t\t\t<span class=\"elementor-button-icon\">\n\t\t\t\t<i aria-hidden=\"true\" class=\"fas fa-file-pdf\"><\/i>\t\t\t<\/span>\n\t\t\t\t\t\t\t\t\t<span class=\"elementor-button-text\">Solicitud de garant\u00eda<\/span>\n\t\t\t\t\t<\/span>\n\t\t\t\t\t<\/a>\n\t\t\t\t<\/div>\n\t\t\t\t\t\t\t\t<\/div>\n\t\t\t\t<\/div>\n\t\t\t\t<div class=\"elementor-element elementor-element-34c747d elementor-widget elementor-widget-spacer\" data-id=\"34c747d\" data-element_type=\"widget\" data-e-type=\"widget\" data-widget_type=\"spacer.default\">\n\t\t\t\t<div class=\"elementor-widget-container\">\n\t\t\t\t\t\t\t<div class=\"elementor-spacer\">\n\t\t\t<div class=\"elementor-spacer-inner\"><\/div>\n\t\t<\/div>\n\t\t\t\t\t\t<\/div>\n\t\t\t\t<\/div>\n\t\t\t\t<div class=\"elementor-element elementor-element-b489303 elementor-widget elementor-widget-text-editor\" data-id=\"b489303\" data-element_type=\"widget\" data-e-type=\"widget\" data-widget_type=\"text-editor.default\">\n\t\t\t\t<div class=\"elementor-widget-container\">\n\t\t\t\t\t\t\t\t\t<p>* La garant\u00eda de devoluci\u00f3n del dinero del fabricante se ofrece como opci\u00f3n adicional y no limita el derecho legal de desistimiento. Encontrar\u00e1s m\u00e1s informaci\u00f3n al respecto en el punto 10 de nuestras condiciones generales.<\/p>\t\t\t\t\t\t\t\t<\/div>\n\t\t\t\t<\/div>\n\t\t\t\t<div class=\"elementor-element elementor-element-be31c85 elementor-widget elementor-widget-spacer\" data-id=\"be31c85\" data-element_type=\"widget\" data-e-type=\"widget\" data-widget_type=\"spacer.default\">\n\t\t\t\t<div class=\"elementor-widget-container\">\n\t\t\t\t\t\t\t<div class=\"elementor-spacer\">\n\t\t\t<div class=\"elementor-spacer-inner\"><\/div>\n\t\t<\/div>\n\t\t\t\t\t\t<\/div>\n\t\t\t\t<\/div>\n\t\t\t\t\t<\/div>\n\t\t<\/div>\n\t\t\t\t\t<\/div>\n\t\t<\/section>\n\t\t\t\t<\/div>\n\t\t<div class=\"shariff shariff-align-flex-start shariff-widget-align-flex-start shariff-buttonstretch\"><ul class=\"shariff-buttons theme-default orientation-horizontal buttonsize-medium\"><li class=\"shariff-button facebook shariff-nocustomcolor\" style=\"background-color:#4273c8\"><a href=\"https:\/\/www.facebook.com\/sharer\/sharer.php?u=https%3A%2F%2Fsteelseal.de%2Fes%2Fservice%2Fgarantiebedingungen%2F\" title=\"Compartir en Facebook\" aria-label=\"Compartir en Facebook\" role=\"button\" rel=\"nofollow\" class=\"shariff-link\" style=\"; background-color:#3b5998; color:#fff\" target=\"_blank\"><span class=\"shariff-icon\" style=\"\"><svg width=\"32px\" height=\"20px\" xmlns=\"http:\/\/www.w3.org\/2000\/svg\" viewbox=\"0 0 18 32\"><path fill=\"#3b5998\" d=\"M17.1 0.2v4.7h-2.8q-1.5 0-2.1 0.6t-0.5 1.9v3.4h5.2l-0.7 5.3h-4.5v13.6h-5.5v-13.6h-4.5v-5.3h4.5v-3.9q0-3.3 1.9-5.2t5-1.8q2.6 0 4.1 0.2z\"\/><\/svg><\/span><span class=\"shariff-text\">Comparte<\/span>&nbsp;<\/a><\/li><li class=\"shariff-button twitter shariff-nocustomcolor\" style=\"background-color:#595959\"><a href=\"https:\/\/twitter.com\/share?url=https%3A%2F%2Fsteelseal.de%2Fes%2Fservice%2Fgarantiebedingungen%2F&text=Geld-Zur%C3%BCck-Garantie\" title=\"Compartir en X\" aria-label=\"Compartir en X\" role=\"button\" rel=\"noopener nofollow\" class=\"shariff-link\" style=\"; background-color:#000; color:#fff\" target=\"_blank\"><span class=\"shariff-icon\" style=\"\"><svg width=\"32px\" height=\"20px\" xmlns=\"http:\/\/www.w3.org\/2000\/svg\" viewbox=\"0 0 24 24\"><path fill=\"#000\" d=\"M14.258 10.152L23.176 0h-2.113l-7.747 8.813L7.133 0H0l9.352 13.328L0 23.973h2.113l8.176-9.309 6.531 9.309h7.133zm-2.895 3.293l-.949-1.328L2.875 1.56h3.246l6.086 8.523.945 1.328 7.91 11.078h-3.246zm0 0\"\/><\/svg><\/span><span class=\"shariff-text\">Comparte<\/span>&nbsp;<\/a><\/li><li class=\"shariff-button whatsapp shariff-nocustomcolor\" style=\"background-color:#5cbe4a\"><a href=\"https:\/\/api.whatsapp.com\/send?text=https%3A%2F%2Fsteelseal.de%2Fes%2Fservice%2Fgarantiebedingungen%2F%20Geld-Zur%C3%BCck-Garantie\" title=\"Compartir en Whatsapp\" aria-label=\"Compartir en Whatsapp\" role=\"button\" rel=\"noopener nofollow\" class=\"shariff-link\" style=\"; background-color:#34af23; color:#fff\" target=\"_blank\"><span class=\"shariff-icon\" style=\"\"><svg width=\"32px\" height=\"20px\" xmlns=\"http:\/\/www.w3.org\/2000\/svg\" viewbox=\"0 0 32 32\"><path fill=\"#34af23\" d=\"M17.6 17.4q0.2 0 1.7 0.8t1.6 0.9q0 0.1 0 0.3 0 0.6-0.3 1.4-0.3 0.7-1.3 1.2t-1.8 0.5q-1 0-3.4-1.1-1.7-0.8-3-2.1t-2.6-3.3q-1.3-1.9-1.3-3.5v-0.1q0.1-1.6 1.3-2.8 0.4-0.4 0.9-0.4 0.1 0 0.3 0t0.3 0q0.3 0 0.5 0.1t0.3 0.5q0.1 0.4 0.6 1.6t0.4 1.3q0 0.4-0.6 1t-0.6 0.8q0 0.1 0.1 0.3 0.6 1.3 1.8 2.4 1 0.9 2.7 1.8 0.2 0.1 0.4 0.1 0.3 0 1-0.9t0.9-0.9zM14 26.9q2.3 0 4.3-0.9t3.6-2.4 2.4-3.6 0.9-4.3-0.9-4.3-2.4-3.6-3.6-2.4-4.3-0.9-4.3 0.9-3.6 2.4-2.4 3.6-0.9 4.3q0 3.6 2.1 6.6l-1.4 4.2 4.3-1.4q2.8 1.9 6.2 1.9zM14 2.2q2.7 0 5.2 1.1t4.3 2.9 2.9 4.3 1.1 5.2-1.1 5.2-2.9 4.3-4.3 2.9-5.2 1.1q-3.5 0-6.5-1.7l-7.4 2.4 2.4-7.2q-1.9-3.2-1.9-6.9 0-2.7 1.1-5.2t2.9-4.3 4.3-2.9 5.2-1.1z\"\/><\/svg><\/span><span class=\"shariff-text\">Comparte<\/span>&nbsp;<\/a><\/li><li class=\"shariff-button linkedin shariff-nocustomcolor\" style=\"background-color:#1488bf\"><a href=\"https:\/\/www.linkedin.com\/sharing\/share-offsite\/?url=https%3A%2F%2Fsteelseal.de%2Fes%2Fservice%2Fgarantiebedingungen%2F\" title=\"Compartir en LinkedIn\" aria-label=\"Compartir en LinkedIn\" role=\"button\" rel=\"noopener nofollow\" class=\"shariff-link\" style=\"; background-color:#0077b5; color:#fff\" target=\"_blank\"><span class=\"shariff-icon\" style=\"\"><svg width=\"32px\" height=\"20px\" xmlns=\"http:\/\/www.w3.org\/2000\/svg\" viewbox=\"0 0 27 32\"><path fill=\"#0077b5\" d=\"M6.2 11.2v17.7h-5.9v-17.7h5.9zM6.6 5.7q0 1.3-0.9 2.2t-2.4 0.9h0q-1.5 0-2.4-0.9t-0.9-2.2 0.9-2.2 2.4-0.9 2.4 0.9 0.9 2.2zM27.4 18.7v10.1h-5.9v-9.5q0-1.9-0.7-2.9t-2.3-1.1q-1.1 0-1.9 0.6t-1.2 1.5q-0.2 0.5-0.2 1.4v9.9h-5.9q0-7.1 0-11.6t0-5.3l0-0.9h5.9v2.6h0q0.4-0.6 0.7-1t1-0.9 1.6-0.8 2-0.3q3 0 4.9 2t1.9 6z\"\/><\/svg><\/span><span class=\"shariff-text\">Comparte<\/span>&nbsp;<\/a><\/li><li class=\"shariff-button mailto shariff-nocustomcolor\" style=\"background-color:#a8a8a8\"><a href=\"mailto:?body=https%3A%2F%2Fsteelseal.de%2Fes%2Fservice%2Fgarantiebedingungen%2F&subject=Geld-Zur%C3%BCck-Garantie\" title=\"Enviar por e-mail\" aria-label=\"Enviar por e-mail\" role=\"button\" rel=\"noopener nofollow\" class=\"shariff-link\" style=\"; background-color:#999; color:#fff\"><span class=\"shariff-icon\" style=\"\"><svg width=\"32px\" height=\"20px\" xmlns=\"http:\/\/www.w3.org\/2000\/svg\" viewbox=\"0 0 32 32\"><path fill=\"#999\" d=\"M32 12.7v14.2q0 1.2-0.8 2t-2 0.9h-26.3q-1.2 0-2-0.9t-0.8-2v-14.2q0.8 0.9 1.8 1.6 6.5 4.4 8.9 6.1 1 0.8 1.6 1.2t1.7 0.9 2 0.4h0.1q0.9 0 2-0.4t1.7-0.9 1.6-1.2q3-2.2 8.9-6.1 1-0.7 1.8-1.6zM32 7.4q0 1.4-0.9 2.7t-2.2 2.2q-6.7 4.7-8.4 5.8-0.2 0.1-0.7 0.5t-1 0.7-0.9 0.6-1.1 0.5-0.9 0.2h-0.1q-0.4 0-0.9-0.2t-1.1-0.5-0.9-0.6-1-0.7-0.7-0.5q-1.6-1.1-4.7-3.2t-3.6-2.6q-1.1-0.7-2.1-2t-1-2.5q0-1.4 0.7-2.3t2.1-0.9h26.3q1.2 0 2 0.8t0.9 2z\"\/><\/svg><\/span><span class=\"shariff-text\">correo electr\u00f3nico<\/span>&nbsp;<\/a><\/li><\/ul><\/div>","protected":false},"excerpt":{"rendered":"<p>Unsere Garantie &#8211; klar, fair &amp; transparent Auch wenn kein Produkt dieser Art eine 100 % Erfolgsquote garantieren kann, z\u00e4hlt Steel Seal\u00ae seit Jahren am Markt zur zuverl\u00e4ssigsten L\u00f6sung bei defekter Zylinderkopfdichtung. Startet der Motor noch und wird das Problem rechtzeitig angegangen, liegen die Erfolgschancen in der Tat bei \u00fcber 99%. Sollte Steel Seal\u00ae trotz [&hellip;]<\/p>\n","protected":false},"author":4,"featured_media":0,"parent":2115,"menu_order":0,"comment_status":"closed","ping_status":"closed","template":"","meta":{"site-sidebar-layout":"no-sidebar","site-content-layout":"page-builder","ast-site-content-layout":"full-width-container","site-content-style":"unboxed","site-sidebar-style":"unboxed","ast-global-header-display":"","ast-banner-title-visibility":"","ast-main-header-display":"","ast-hfb-above-header-display":"","ast-hfb-below-header-display":"","ast-hfb-mobile-header-display":"","site-post-title":"disabled","ast-breadcrumbs-content":"","ast-featured-img":"disabled","footer-sml-layout":"","ast-disable-related-posts":"","theme-transparent-header-meta":"default","adv-header-id-meta":"","stick-header-meta":"","header-above-stick-meta":"","header-main-stick-meta":"","header-below-stick-meta":"","astra-migrate-meta-layouts":"set","ast-page-background-enabled":"default","ast-page-background-meta":{"desktop":{"background-color":"","background-image":"","background-repeat":"repeat","background-position":"center center","background-size":"auto","background-attachment":"scroll","background-type":"","background-media":"","overlay-type":"","overlay-color":"","overlay-opacity":"","overlay-gradient":""},"tablet":{"background-color":"","background-image":"","background-repeat":"repeat","background-position":"center center","background-size":"auto","background-attachment":"scroll","background-type":"","background-media":"","overlay-type":"","overlay-color":"","overlay-opacity":"","overlay-gradient":""},"mobile":{"background-color":"","background-image":"","background-repeat":"repeat","background-position":"center center","background-size":"auto","background-attachment":"scroll","background-type":"","background-media":"","overlay-type":"","overlay-color":"","overlay-opacity":"","overlay-gradient":""}},"ast-content-background-meta":{"desktop":{"background-color":"var(--ast-global-color-5)","background-image":"","background-repeat":"repeat","background-position":"center center","background-size":"auto","background-attachment":"scroll","background-type":"","background-media":"","overlay-type":"","overlay-color":"","overlay-opacity":"","overlay-gradient":""},"tablet":{"background-color":"var(--ast-global-color-5)","background-image":"","background-repeat":"repeat","background-position":"center center","background-size":"auto","background-attachment":"scroll","background-type":"","background-media":"","overlay-type":"","overlay-color":"","overlay-opacity":"","overlay-gradient":""},"mobile":{"background-color":"var(--ast-global-color-5)","background-image":"","background-repeat":"repeat","background-position":"center center","background-size":"auto","background-attachment":"scroll","background-type":"","background-media":"","overlay-type":"","overlay-color":"","overlay-opacity":"","overlay-gradient":""}},"footnotes":""},"class_list":["post-1973","page","type-page","status-publish","hentry"],"_links":{"self":[{"href":"https:\/\/steelseal.de\/es\/wp-json\/wp\/v2\/pages\/1973","targetHints":{"allow":["GET"]}}],"collection":[{"href":"https:\/\/steelseal.de\/es\/wp-json\/wp\/v2\/pages"}],"about":[{"href":"https:\/\/steelseal.de\/es\/wp-json\/wp\/v2\/types\/page"}],"author":[{"embeddable":true,"href":"https:\/\/steelseal.de\/es\/wp-json\/wp\/v2\/users\/4"}],"replies":[{"embeddable":true,"href":"https:\/\/steelseal.de\/es\/wp-json\/wp\/v2\/comments?post=1973"}],"version-history":[{"count":3,"href":"https:\/\/steelseal.de\/es\/wp-json\/wp\/v2\/pages\/1973\/revisions"}],"predecessor-version":[{"id":27266,"href":"https:\/\/steelseal.de\/es\/wp-json\/wp\/v2\/pages\/1973\/revisions\/27266"}],"up":[{"embeddable":true,"href":"https:\/\/steelseal.de\/es\/wp-json\/wp\/v2\/pages\/2115"}],"wp:attachment":[{"href":"https:\/\/steelseal.de\/es\/wp-json\/wp\/v2\/media?parent=1973"}],"curies":[{"name":"wp","href":"https:\/\/api.w.org\/{rel}","templated":true}]}}